{"id":742,"date":"2025-06-10T13:36:13","date_gmt":"2025-06-10T13:36:13","guid":{"rendered":"https:\/\/rasper.vinteo.com.br\/?page_id=742"},"modified":"2025-07-04T19:07:16","modified_gmt":"2025-07-04T19:07:16","slug":"vedacao-lateral","status":"publish","type":"page","link":"https:\/\/rasper.vinteo.com.br\/index.php\/vedacao-lateral\/","title":{"rendered":"Veda\u00e7\u00e3o Lateral"},"content":{"rendered":"\t\t<div data-elementor-type=\"wp-page\" data-elementor-id=\"742\" class=\"elementor elementor-742\" data-elementor-post-type=\"page\">\n\t\t\t\t<div class=\"elementor-element elementor-element-59db4239 e-flex e-con-boxed e-con e-parent\" data-id=\"59db4239\" data-element_type=\"container\" data-settings=\"{&quot;background_background&quot;:&quot;classic&quot;}\">\n\t\t\t\t\t<div class=\"e-con-inner\">\n\t\t\t\t<div class=\"elementor-element elementor-element-1dd0cea7 elementor-widget elementor-widget-image\" data-id=\"1dd0cea7\" data-element_type=\"widget\" data-widget_type=\"image.default\">\n\t\t\t\t<div class=\"elementor-widget-container\">\n\t\t\t\t\t\t\t\t\t\t\t\t\t\t\t<img decoding=\"async\" width=\"342\" height=\"106\" src=\"https:\/\/rasper.vinteo.com.br\/wp-content\/uploads\/2025\/06\/rasper-logo.webp\" class=\"attachment-large size-large wp-image-234\" alt=\"\" srcset=\"https:\/\/rasper.vinteo.com.br\/wp-content\/uploads\/2025\/06\/rasper-logo.webp 342w, https:\/\/rasper.vinteo.com.br\/wp-content\/uploads\/2025\/06\/rasper-logo-300x93.webp 300w\" sizes=\"(max-width: 342px) 100vw, 342px\" \/>\t\t\t\t\t\t\t\t\t\t\t\t\t\t\t<\/div>\n\t\t\t\t<\/div>\n\t\t\t\t\t<\/div>\n\t\t\t\t<\/div>\n\t\t<div class=\"elementor-element elementor-element-17b43ddf e-flex e-con-boxed e-con e-parent\" data-id=\"17b43ddf\" data-element_type=\"container\">\n\t\t\t\t\t<div class=\"e-con-inner\">\n\t\t<div class=\"elementor-element elementor-element-15dd73b7 e-con-full e-flex e-con e-child\" data-id=\"15dd73b7\" data-element_type=\"container\">\n\t\t\t\t<div class=\"elementor-element elementor-element-3c887c2e elementor-mobile-align-center elementor-widget elementor-widget-button\" data-id=\"3c887c2e\" data-element_type=\"widget\" data-widget_type=\"button.default\">\n\t\t\t\t<div class=\"elementor-widget-container\">\n\t\t\t\t\t\t\t\t\t<div class=\"elementor-button-wrapper\">\n\t\t\t\t\t<a class=\"elementor-button elementor-button-link elementor-size-sm\" href=\"#\">\n\t\t\t\t\t\t<span class=\"elementor-button-content-wrapper\">\n\t\t\t\t\t\t\t\t\t<span class=\"elementor-button-text\">Produtos<\/span>\n\t\t\t\t\t<\/span>\n\t\t\t\t\t<\/a>\n\t\t\t\t<\/div>\n\t\t\t\t\t\t\t\t<\/div>\n\t\t\t\t<\/div>\n\t\t\t\t<div class=\"elementor-element elementor-element-4720de4f elementor-widget elementor-widget-heading\" data-id=\"4720de4f\" data-element_type=\"widget\" data-widget_type=\"heading.default\">\n\t\t\t\t<div class=\"elementor-widget-container\">\n\t\t\t\t\t<h2 class=\"elementor-heading-title elementor-size-default\">Veda\u00e7\u00e3o Lateral para Correias Transportadoras<\/h2>\t\t\t\t<\/div>\n\t\t\t\t<\/div>\n\t\t\t\t<div class=\"elementor-element elementor-element-7a6e84a elementor-widget elementor-widget-image\" data-id=\"7a6e84a\" data-element_type=\"widget\" data-widget_type=\"image.default\">\n\t\t\t\t<div class=\"elementor-widget-container\">\n\t\t\t\t\t\t\t\t\t\t\t\t\t\t\t<img fetchpriority=\"high\" decoding=\"async\" width=\"793\" height=\"559\" src=\"https:\/\/rasper.vinteo.com.br\/wp-content\/uploads\/2025\/06\/Vedacao-3R.webp\" class=\"attachment-large size-large wp-image-1508\" alt=\"\" srcset=\"https:\/\/rasper.vinteo.com.br\/wp-content\/uploads\/2025\/06\/Vedacao-3R.webp 793w, https:\/\/rasper.vinteo.com.br\/wp-content\/uploads\/2025\/06\/Vedacao-3R-300x211.webp 300w, https:\/\/rasper.vinteo.com.br\/wp-content\/uploads\/2025\/06\/Vedacao-3R-768x541.webp 768w\" sizes=\"(max-width: 793px) 100vw, 793px\" \/>\t\t\t\t\t\t\t\t\t\t\t\t\t\t\t<\/div>\n\t\t\t\t<\/div>\n\t\t\t\t<div class=\"elementor-element elementor-element-e9e7c8a elementor-widget elementor-widget-text-editor\" data-id=\"e9e7c8a\" data-element_type=\"widget\" data-widget_type=\"text-editor.default\">\n\t\t\t\t<div class=\"elementor-widget-container\">\n\t\t\t\t\t\t\t\t\t<p class=\"para-text mt-0 mb-3 text-justify\">A Veda\u00e7\u00e3o Lateral ou Guia Lateral tem como objetivo realizar a veda\u00e7\u00e3o das correias transportadoras, evitando que ocorram vazamentos de materiais pelas laterais, o que poderia resultar na contamina\u00e7\u00e3o do ambiente de trabalho e do pr\u00f3prio material transportado.<\/p>\t\t\t\t\t\t\t\t<\/div>\n\t\t\t\t<\/div>\n\t\t\t\t<div class=\"elementor-element elementor-element-fd35f8f elementor-widget elementor-widget-text-editor\" data-id=\"fd35f8f\" data-element_type=\"widget\" data-widget_type=\"text-editor.default\">\n\t\t\t\t<div class=\"elementor-widget-container\">\n\t\t\t\t\t\t\t\t\t<div class=\"section-title mb-3\"><p class=\"para-text mt-0 mb-3 text-justify\">Al\u00e9m de garantir um transporte mais eficiente, a veda\u00e7\u00e3o lateral tamb\u00e9m contribui para a preven\u00e7\u00e3o de perdas de material, protegendo contra contaminantes e mantendo a estabilidade da carga. Isso ajuda a aumentar a vida \u00fatil da correia e a preservar a sa\u00fade e seguran\u00e7a dos colaboradores.<\/p><\/div>\t\t\t\t\t\t\t\t<\/div>\n\t\t\t\t<\/div>\n\t\t\t\t<\/div>\n\t\t<div class=\"elementor-element elementor-element-5fa93fd8 e-con-full e-flex e-con e-child\" data-id=\"5fa93fd8\" data-element_type=\"container\">\n\t\t\t\t<div class=\"elementor-element elementor-element-12ef67f elementor-button-align-start elementor-widget elementor-widget-form\" data-id=\"12ef67f\" data-element_type=\"widget\" data-settings=\"{&quot;step_next_label&quot;:&quot;Next&quot;,&quot;step_previous_label&quot;:&quot;Previous&quot;,&quot;button_width&quot;:&quot;100&quot;,&quot;step_type&quot;:&quot;number_text&quot;,&quot;step_icon_shape&quot;:&quot;circle&quot;}\" data-widget_type=\"form.default\">\n\t\t\t\t<div class=\"elementor-widget-container\">\n\t\t\t\t\t\t\t<form class=\"elementor-form\" method=\"post\" name=\"Veda\u00e7\u00e3o Lateral\">\n\t\t\t<input type=\"hidden\" name=\"post_id\" value=\"742\"\/>\n\t\t\t<input type=\"hidden\" name=\"form_id\" value=\"12ef67f\"\/>\n\t\t\t<input type=\"hidden\" name=\"referer_title\" value=\"Veda\u00e7\u00e3o Lateral\" \/>\n\n\t\t\t\t\t\t\t<input type=\"hidden\" name=\"queried_id\" value=\"742\"\/>\n\t\t\t\n\t\t\t<div class=\"elementor-form-fields-wrapper elementor-labels-above\">\n\t\t\t\t\t\t\t\t<div class=\"elementor-field-type-text elementor-field-group elementor-column elementor-field-group-name elementor-col-100\">\n\t\t\t\t\t\t\t\t\t\t\t\t\t<input size=\"1\" type=\"text\" name=\"form_fields[name]\" id=\"form-field-name\" class=\"elementor-field elementor-size-sm  elementor-field-textual\" placeholder=\"Nome da empresa\">\n\t\t\t\t\t\t\t\t\t\t\t<\/div>\n\t\t\t\t\t\t\t\t<div class=\"elementor-field-type-number elementor-field-group elementor-column elementor-field-group-field_92cef6c elementor-col-100\">\n\t\t\t\t\t\t\t\t<input type=\"number\" name=\"form_fields[field_92cef6c]\" id=\"form-field-field_92cef6c\" class=\"elementor-field elementor-size-sm  elementor-field-textual\" placeholder=\"Digite seu CNPJ\" min=\"\" max=\"\" >\n\t\t\t\t\t\t<\/div>\n\t\t\t\t\t\t\t\t<div class=\"elementor-field-type-tel elementor-field-group elementor-column elementor-field-group-email elementor-col-100 elementor-field-required\">\n\t\t\t\t\t\t\t<input size=\"1\" type=\"tel\" name=\"form_fields[email]\" id=\"form-field-email\" class=\"elementor-field elementor-size-sm  elementor-field-textual\" placeholder=\"WhatsApp\/Telefone\" required=\"required\" pattern=\"[0-9()#&amp;+*-=.]+\" title=\"Only numbers and phone characters (#, -, *, etc) are accepted.\">\n\n\t\t\t\t\t\t<\/div>\n\t\t\t\t\t\t\t\t<div class=\"elementor-field-type-select elementor-field-group elementor-column elementor-field-group-field_e8cab36 elementor-col-100 elementor-field-required\">\n\t\t\t\t\t\t\t<div class=\"elementor-field elementor-select-wrapper remove-before \">\n\t\t\t<div class=\"select-caret-down-wrapper\">\n\t\t\t\t<svg aria-hidden=\"true\" class=\"e-font-icon-svg e-eicon-caret-down\" viewBox=\"0 0 571.4 571.4\" xmlns=\"http:\/\/www.w3.org\/2000\/svg\"><path d=\"M571 393Q571 407 561 418L311 668Q300 679 286 679T261 668L11 418Q0 407 0 393T11 368 36 357H536Q550 357 561 368T571 393Z\"><\/path><\/svg>\t\t\t<\/div>\n\t\t\t<select name=\"form_fields[field_e8cab36]\" id=\"form-field-field_e8cab36\" class=\"elementor-field-textual elementor-size-sm\" required=\"required\">\n\t\t\t\t\t\t\t\t\t<option value=\"Escolha o tipo do produto:\">Escolha o tipo do produto:<\/option>\n\t\t\t\t\t\t\t\t\t<option value=\"Grampos de Veda\u00e7\u00e3o Lateral\">Grampos de Veda\u00e7\u00e3o Lateral<\/option>\n\t\t\t\t\t\t\t\t\t<option value=\"Grampos Refor\u00e7ados\">Grampos Refor\u00e7ados<\/option>\n\t\t\t\t\t\t\t\t\t<option value=\"Veda\u00e7\u00e3o Multiest\u00e1gio\">Veda\u00e7\u00e3o Multiest\u00e1gio<\/option>\n\t\t\t\t\t\t\t\t\t<option value=\"Veda\u00e7\u00e3o 3R\">Veda\u00e7\u00e3o 3R<\/option>\n\t\t\t\t\t\t\t\t\t<option value=\"Veda\u00e7\u00e3o em PU com Grampos\">Veda\u00e7\u00e3o em PU com Grampos<\/option>\n\t\t\t\t\t\t\t<\/select>\n\t\t<\/div>\n\t\t\t\t\t\t<\/div>\n\t\t\t\t\t\t\t\t<div class=\"elementor-field-type-email elementor-field-group elementor-column elementor-field-group-field_111914b elementor-col-100 elementor-field-required\">\n\t\t\t\t\t\t\t\t\t\t\t\t\t<input size=\"1\" type=\"email\" name=\"form_fields[field_111914b]\" id=\"form-field-field_111914b\" class=\"elementor-field elementor-size-sm  elementor-field-textual\" placeholder=\"E-mail\" required=\"required\">\n\t\t\t\t\t\t\t\t\t\t\t<\/div>\n\t\t\t\t\t\t\t\t<div class=\"elementor-field-type-textarea elementor-field-group elementor-column elementor-field-group-message elementor-col-100\">\n\t\t\t\t\t<textarea class=\"elementor-field-textual elementor-field  elementor-size-sm\" name=\"form_fields[message]\" id=\"form-field-message\" rows=\"4\" placeholder=\"Digite aqui sua mensagem\"><\/textarea>\t\t\t\t<\/div>\n\t\t\t\t\t\t\t\t<div class=\"elementor-field-group elementor-column elementor-field-type-submit elementor-col-100 e-form__buttons\">\n\t\t\t\t\t<button class=\"elementor-button elementor-size-sm elementor-animation-grow\" type=\"submit\">\n\t\t\t\t\t\t<span class=\"elementor-button-content-wrapper\">\n\t\t\t\t\t\t\t\t\t\t\t\t\t\t\t<span class=\"elementor-button-icon\">\n\t\t\t\t\t\t\t\t\t<svg aria-hidden=\"true\" class=\"e-font-icon-svg e-fas-angle-right\" viewBox=\"0 0 256 512\" xmlns=\"http:\/\/www.w3.org\/2000\/svg\"><path d=\"M224.3 273l-136 136c-9.4 9.4-24.6 9.4-33.9 0l-22.6-22.6c-9.4-9.4-9.4-24.6 0-33.9l96.4-96.4-96.4-96.4c-9.4-9.4-9.4-24.6 0-33.9L54.3 103c9.4-9.4 24.6-9.4 33.9 0l136 136c9.5 9.4 9.5 24.6.1 34z\"><\/path><\/svg>\t\t\t\t\t\t\t\t\t\t\t\t\t\t\t\t\t<\/span>\n\t\t\t\t\t\t\t\t\t\t\t\t\t\t\t\t\t\t\t\t\t\t<span class=\"elementor-button-text\">Enviar Mensagem<\/span>\n\t\t\t\t\t\t\t\t\t\t\t\t\t<\/span>\n\t\t\t\t\t<\/button>\n\t\t\t\t<\/div>\n\t\t\t<\/div>\n\t\t<\/form>\n\t\t\t\t\t\t<\/div>\n\t\t\t\t<\/div>\n\t\t\t\t<\/div>\n\t\t\t\t\t<\/div>\n\t\t\t\t<\/div>\n\t\t<div class=\"elementor-element elementor-element-59e1c7c e-flex e-con-boxed e-con e-parent\" data-id=\"59e1c7c\" data-element_type=\"container\">\n\t\t\t\t\t<div class=\"e-con-inner\">\n\t\t<div class=\"elementor-element elementor-element-bb7068c e-con-full e-flex e-con e-child\" data-id=\"bb7068c\" data-element_type=\"container\">\n\t\t<div class=\"elementor-element elementor-element-d797d26 e-con-full e-flex e-con e-child\" data-id=\"d797d26\" data-element_type=\"container\">\n\t\t\t\t<div class=\"elementor-element elementor-element-ee40b10 elementor-widget elementor-widget-image\" data-id=\"ee40b10\" data-element_type=\"widget\" data-widget_type=\"image.default\">\n\t\t\t\t<div class=\"elementor-widget-container\">\n\t\t\t\t\t\t\t\t\t\t\t\t\t\t\t<img decoding=\"async\" width=\"793\" height=\"559\" src=\"https:\/\/rasper.vinteo.com.br\/wp-content\/uploads\/2025\/06\/Grampos-para-Vedacao-Lateral.webp\" class=\"attachment-large size-large wp-image-1505\" alt=\"\" srcset=\"https:\/\/rasper.vinteo.com.br\/wp-content\/uploads\/2025\/06\/Grampos-para-Vedacao-Lateral.webp 793w, https:\/\/rasper.vinteo.com.br\/wp-content\/uploads\/2025\/06\/Grampos-para-Vedacao-Lateral-300x211.webp 300w, https:\/\/rasper.vinteo.com.br\/wp-content\/uploads\/2025\/06\/Grampos-para-Vedacao-Lateral-768x541.webp 768w\" sizes=\"(max-width: 793px) 100vw, 793px\" \/>\t\t\t\t\t\t\t\t\t\t\t\t\t\t\t<\/div>\n\t\t\t\t<\/div>\n\t\t\t\t<div class=\"elementor-element elementor-element-ed6eb7a elementor-widget elementor-widget-heading\" data-id=\"ed6eb7a\" data-element_type=\"widget\" data-widget_type=\"heading.default\">\n\t\t\t\t<div class=\"elementor-widget-container\">\n\t\t\t\t\t<h2 class=\"elementor-heading-title elementor-size-default\">Grampos para Veda\u00e7\u00e3o Lateral<\/h2>\t\t\t\t<\/div>\n\t\t\t\t<\/div>\n\t\t\t\t<div class=\"elementor-element elementor-element-0d16241 elementor-mobile-align-center elementor-align-center elementor-widget elementor-widget-button\" data-id=\"0d16241\" data-element_type=\"widget\" data-widget_type=\"button.default\">\n\t\t\t\t<div class=\"elementor-widget-container\">\n\t\t\t\t\t\t\t\t\t<div class=\"elementor-button-wrapper\">\n\t\t\t\t\t<a class=\"elementor-button elementor-button-link elementor-size-sm\" href=\"https:\/\/rasper.vinteo.com.br\/index.php\/grampos-de-vedacao-lateral\/\" target=\"_blank\">\n\t\t\t\t\t\t<span class=\"elementor-button-content-wrapper\">\n\t\t\t\t\t\t\t\t\t<span class=\"elementor-button-text\">Detalhes+<\/span>\n\t\t\t\t\t<\/span>\n\t\t\t\t\t<\/a>\n\t\t\t\t<\/div>\n\t\t\t\t\t\t\t\t<\/div>\n\t\t\t\t<\/div>\n\t\t\t\t<\/div>\n\t\t<div class=\"elementor-element elementor-element-a752ae8 e-con-full e-flex e-con e-child\" data-id=\"a752ae8\" data-element_type=\"container\">\n\t\t\t\t<div class=\"elementor-element elementor-element-b1a2423 elementor-widget elementor-widget-image\" data-id=\"b1a2423\" data-element_type=\"widget\" data-widget_type=\"image.default\">\n\t\t\t\t<div class=\"elementor-widget-container\">\n\t\t\t\t\t\t\t\t\t\t\t\t\t\t\t<img loading=\"lazy\" decoding=\"async\" width=\"793\" height=\"559\" src=\"https:\/\/rasper.vinteo.com.br\/wp-content\/uploads\/2025\/06\/Grampos-Reforcados.webp\" class=\"attachment-large size-large wp-image-1506\" alt=\"\" srcset=\"https:\/\/rasper.vinteo.com.br\/wp-content\/uploads\/2025\/06\/Grampos-Reforcados.webp 793w, https:\/\/rasper.vinteo.com.br\/wp-content\/uploads\/2025\/06\/Grampos-Reforcados-300x211.webp 300w, https:\/\/rasper.vinteo.com.br\/wp-content\/uploads\/2025\/06\/Grampos-Reforcados-768x541.webp 768w\" sizes=\"(max-width: 793px) 100vw, 793px\" \/>\t\t\t\t\t\t\t\t\t\t\t\t\t\t\t<\/div>\n\t\t\t\t<\/div>\n\t\t\t\t<div class=\"elementor-element elementor-element-260d446 elementor-widget elementor-widget-heading\" data-id=\"260d446\" data-element_type=\"widget\" data-widget_type=\"heading.default\">\n\t\t\t\t<div class=\"elementor-widget-container\">\n\t\t\t\t\t<h2 class=\"elementor-heading-title elementor-size-default\">Grampos Refor\u00e7ados<\/h2>\t\t\t\t<\/div>\n\t\t\t\t<\/div>\n\t\t\t\t<div class=\"elementor-element elementor-element-06d1b92 elementor-mobile-align-center elementor-align-center elementor-widget elementor-widget-button\" data-id=\"06d1b92\" data-element_type=\"widget\" data-widget_type=\"button.default\">\n\t\t\t\t<div class=\"elementor-widget-container\">\n\t\t\t\t\t\t\t\t\t<div class=\"elementor-button-wrapper\">\n\t\t\t\t\t<a class=\"elementor-button elementor-button-link elementor-size-sm\" href=\"https:\/\/rasper.vinteo.com.br\/index.php\/grampos-reforcados\/\" target=\"_blank\">\n\t\t\t\t\t\t<span class=\"elementor-button-content-wrapper\">\n\t\t\t\t\t\t\t\t\t<span class=\"elementor-button-text\">Detalhes+<\/span>\n\t\t\t\t\t<\/span>\n\t\t\t\t\t<\/a>\n\t\t\t\t<\/div>\n\t\t\t\t\t\t\t\t<\/div>\n\t\t\t\t<\/div>\n\t\t\t\t<\/div>\n\t\t<div class=\"elementor-element elementor-element-2f50061 e-con-full e-flex e-con e-child\" data-id=\"2f50061\" data-element_type=\"container\">\n\t\t\t\t<div class=\"elementor-element elementor-element-a323891 elementor-widget elementor-widget-image\" data-id=\"a323891\" data-element_type=\"widget\" data-widget_type=\"image.default\">\n\t\t\t\t<div class=\"elementor-widget-container\">\n\t\t\t\t\t\t\t\t\t\t\t\t\t\t\t<img loading=\"lazy\" decoding=\"async\" width=\"793\" height=\"559\" src=\"https:\/\/rasper.vinteo.com.br\/wp-content\/uploads\/2025\/06\/Vedacao-Multiestagios.webp\" class=\"attachment-large size-large wp-image-1507\" alt=\"\" srcset=\"https:\/\/rasper.vinteo.com.br\/wp-content\/uploads\/2025\/06\/Vedacao-Multiestagios.webp 793w, https:\/\/rasper.vinteo.com.br\/wp-content\/uploads\/2025\/06\/Vedacao-Multiestagios-300x211.webp 300w, https:\/\/rasper.vinteo.com.br\/wp-content\/uploads\/2025\/06\/Vedacao-Multiestagios-768x541.webp 768w\" sizes=\"(max-width: 793px) 100vw, 793px\" \/>\t\t\t\t\t\t\t\t\t\t\t\t\t\t\t<\/div>\n\t\t\t\t<\/div>\n\t\t\t\t<div class=\"elementor-element elementor-element-169ef73 elementor-widget elementor-widget-heading\" data-id=\"169ef73\" data-element_type=\"widget\" data-widget_type=\"heading.default\">\n\t\t\t\t<div class=\"elementor-widget-container\">\n\t\t\t\t\t<h2 class=\"elementor-heading-title elementor-size-default\">Veda\u00e7\u00e3o Multiest\u00e1gios<\/h2>\t\t\t\t<\/div>\n\t\t\t\t<\/div>\n\t\t\t\t<div class=\"elementor-element elementor-element-a8cf583 elementor-mobile-align-center elementor-align-center elementor-widget elementor-widget-button\" data-id=\"a8cf583\" data-element_type=\"widget\" data-widget_type=\"button.default\">\n\t\t\t\t<div class=\"elementor-widget-container\">\n\t\t\t\t\t\t\t\t\t<div class=\"elementor-button-wrapper\">\n\t\t\t\t\t<a class=\"elementor-button elementor-button-link elementor-size-sm\" href=\"https:\/\/rasper.vinteo.com.br\/index.php\/vedacao-multiestagio\/\" target=\"_blank\">\n\t\t\t\t\t\t<span class=\"elementor-button-content-wrapper\">\n\t\t\t\t\t\t\t\t\t<span class=\"elementor-button-text\">Detalhes+<\/span>\n\t\t\t\t\t<\/span>\n\t\t\t\t\t<\/a>\n\t\t\t\t<\/div>\n\t\t\t\t\t\t\t\t<\/div>\n\t\t\t\t<\/div>\n\t\t\t\t<\/div>\n\t\t<div class=\"elementor-element elementor-element-f25dda9 e-con-full e-flex e-con e-child\" data-id=\"f25dda9\" data-element_type=\"container\">\n\t\t\t\t<div class=\"elementor-element elementor-element-d55a371 elementor-widget elementor-widget-image\" data-id=\"d55a371\" data-element_type=\"widget\" data-widget_type=\"image.default\">\n\t\t\t\t<div class=\"elementor-widget-container\">\n\t\t\t\t\t\t\t\t\t\t\t\t\t\t\t<img fetchpriority=\"high\" decoding=\"async\" width=\"793\" height=\"559\" src=\"https:\/\/rasper.vinteo.com.br\/wp-content\/uploads\/2025\/06\/Vedacao-3R.webp\" class=\"attachment-large size-large wp-image-1508\" alt=\"\" srcset=\"https:\/\/rasper.vinteo.com.br\/wp-content\/uploads\/2025\/06\/Vedacao-3R.webp 793w, https:\/\/rasper.vinteo.com.br\/wp-content\/uploads\/2025\/06\/Vedacao-3R-300x211.webp 300w, https:\/\/rasper.vinteo.com.br\/wp-content\/uploads\/2025\/06\/Vedacao-3R-768x541.webp 768w\" sizes=\"(max-width: 793px) 100vw, 793px\" \/>\t\t\t\t\t\t\t\t\t\t\t\t\t\t\t<\/div>\n\t\t\t\t<\/div>\n\t\t\t\t<div class=\"elementor-element elementor-element-44d086c elementor-widget elementor-widget-heading\" data-id=\"44d086c\" data-element_type=\"widget\" data-widget_type=\"heading.default\">\n\t\t\t\t<div class=\"elementor-widget-container\">\n\t\t\t\t\t<h2 class=\"elementor-heading-title elementor-size-default\">Veda\u00e7\u00e3o 3R<\/h2>\t\t\t\t<\/div>\n\t\t\t\t<\/div>\n\t\t\t\t<div class=\"elementor-element elementor-element-ea36caf elementor-mobile-align-center elementor-align-center elementor-widget elementor-widget-button\" data-id=\"ea36caf\" data-element_type=\"widget\" data-widget_type=\"button.default\">\n\t\t\t\t<div class=\"elementor-widget-container\">\n\t\t\t\t\t\t\t\t\t<div class=\"elementor-button-wrapper\">\n\t\t\t\t\t<a class=\"elementor-button elementor-button-link elementor-size-sm\" href=\"https:\/\/rasper.vinteo.com.br\/index.php\/vedacao-3r\/\" target=\"_blank\">\n\t\t\t\t\t\t<span class=\"elementor-button-content-wrapper\">\n\t\t\t\t\t\t\t\t\t<span class=\"elementor-button-text\">Detalhes+<\/span>\n\t\t\t\t\t<\/span>\n\t\t\t\t\t<\/a>\n\t\t\t\t<\/div>\n\t\t\t\t\t\t\t\t<\/div>\n\t\t\t\t<\/div>\n\t\t\t\t<\/div>\n\t\t\t\t<\/div>\n\t\t<div class=\"elementor-element elementor-element-1129577 e-con-full e-flex e-con e-child\" data-id=\"1129577\" data-element_type=\"container\">\n\t\t<div class=\"elementor-element elementor-element-183eb5c e-con-full e-flex e-con e-child\" data-id=\"183eb5c\" data-element_type=\"container\">\n\t\t\t\t<div class=\"elementor-element elementor-element-2a98244 elementor-widget elementor-widget-image\" data-id=\"2a98244\" data-element_type=\"widget\" data-widget_type=\"image.default\">\n\t\t\t\t<div class=\"elementor-widget-container\">\n\t\t\t\t\t\t\t\t\t\t\t\t\t\t\t<img loading=\"lazy\" decoding=\"async\" width=\"794\" height=\"559\" src=\"https:\/\/rasper.vinteo.com.br\/wp-content\/uploads\/2025\/06\/Vedacao-em-PU-com-grampos.webp\" class=\"attachment-large size-large wp-image-1509\" alt=\"\" srcset=\"https:\/\/rasper.vinteo.com.br\/wp-content\/uploads\/2025\/06\/Vedacao-em-PU-com-grampos.webp 794w, https:\/\/rasper.vinteo.com.br\/wp-content\/uploads\/2025\/06\/Vedacao-em-PU-com-grampos-300x211.webp 300w, https:\/\/rasper.vinteo.com.br\/wp-content\/uploads\/2025\/06\/Vedacao-em-PU-com-grampos-768x541.webp 768w\" sizes=\"(max-width: 794px) 100vw, 794px\" \/>\t\t\t\t\t\t\t\t\t\t\t\t\t\t\t<\/div>\n\t\t\t\t<\/div>\n\t\t\t\t<div class=\"elementor-element elementor-element-d6712dc elementor-widget elementor-widget-heading\" data-id=\"d6712dc\" data-element_type=\"widget\" data-widget_type=\"heading.default\">\n\t\t\t\t<div class=\"elementor-widget-container\">\n\t\t\t\t\t<h2 class=\"elementor-heading-title elementor-size-default\">Veda\u00e7\u00e3o em PU com grampos<\/h2>\t\t\t\t<\/div>\n\t\t\t\t<\/div>\n\t\t\t\t<div class=\"elementor-element elementor-element-8443c6f elementor-mobile-align-center elementor-align-center elementor-widget elementor-widget-button\" data-id=\"8443c6f\" data-element_type=\"widget\" data-widget_type=\"button.default\">\n\t\t\t\t<div class=\"elementor-widget-container\">\n\t\t\t\t\t\t\t\t\t<div class=\"elementor-button-wrapper\">\n\t\t\t\t\t<a class=\"elementor-button elementor-button-link elementor-size-sm\" href=\"https:\/\/rasper.vinteo.com.br\/index.php\/vedacao-em-pu-com-grampos\/\" target=\"_blank\">\n\t\t\t\t\t\t<span class=\"elementor-button-content-wrapper\">\n\t\t\t\t\t\t\t\t\t<span class=\"elementor-button-text\">Detalhes+<\/span>\n\t\t\t\t\t<\/span>\n\t\t\t\t\t<\/a>\n\t\t\t\t<\/div>\n\t\t\t\t\t\t\t\t<\/div>\n\t\t\t\t<\/div>\n\t\t\t\t<\/div>\n\t\t<div class=\"elementor-element elementor-element-3bf06ed e-con-full e-flex e-con e-child\" data-id=\"3bf06ed\" data-element_type=\"container\">\n\t\t\t\t<\/div>\n\t\t<div class=\"elementor-element elementor-element-764d745 e-con-full e-flex e-con e-child\" data-id=\"764d745\" data-element_type=\"container\">\n\t\t\t\t<\/div>\n\t\t<div class=\"elementor-element elementor-element-89f5394 e-con-full e-flex e-con e-child\" data-id=\"89f5394\" data-element_type=\"container\">\n\t\t\t\t<\/div>\n\t\t\t\t<\/div>\n\t\t\t\t\t<\/div>\n\t\t\t\t<\/div>\n\t\t\t\t<\/div>\n\t\t","protected":false},"excerpt":{"rendered":"<p>Produtos Veda\u00e7\u00e3o Lateral para Correias Transportadoras A Veda\u00e7\u00e3o Lateral ou Guia Lateral tem como objetivo realizar a veda\u00e7\u00e3o das correias transportadoras, evitando que ocorram vazamentos de materiais pelas laterais, o que poderia resultar na contamina\u00e7\u00e3o do ambiente de trabalho e do pr\u00f3prio material transportado. Al\u00e9m de garantir um transporte mais eficiente, a veda\u00e7\u00e3o lateral tamb\u00e9m [&hellip;]<\/p>\n","protected":false},"author":1,"featured_media":0,"parent":0,"menu_order":0,"comment_status":"closed","ping_status":"closed","template":"elementor_header_footer","meta":{"footnotes":""},"class_list":["post-742","page","type-page","status-publish","hentry"],"_links":{"self":[{"href":"https:\/\/rasper.vinteo.com.br\/index.php\/wp-json\/wp\/v2\/pages\/742","targetHints":{"allow":["GET"]}}],"collection":[{"href":"https:\/\/rasper.vinteo.com.br\/index.php\/wp-json\/wp\/v2\/pages"}],"about":[{"href":"https:\/\/rasper.vinteo.com.br\/index.php\/wp-json\/wp\/v2\/types\/page"}],"author":[{"embeddable":true,"href":"https:\/\/rasper.vinteo.com.br\/index.php\/wp-json\/wp\/v2\/users\/1"}],"replies":[{"embeddable":true,"href":"https:\/\/rasper.vinteo.com.br\/index.php\/wp-json\/wp\/v2\/comments?post=742"}],"version-history":[{"count":49,"href":"https:\/\/rasper.vinteo.com.br\/index.php\/wp-json\/wp\/v2\/pages\/742\/revisions"}],"predecessor-version":[{"id":1771,"href":"https:\/\/rasper.vinteo.com.br\/index.php\/wp-json\/wp\/v2\/pages\/742\/revisions\/1771"}],"wp:attachment":[{"href":"https:\/\/rasper.vinteo.com.br\/index.php\/wp-json\/wp\/v2\/media?parent=742"}],"curies":[{"name":"wp","href":"https:\/\/api.w.org\/{rel}","templated":true}]}}