{"id":733,"date":"2025-06-10T13:31:31","date_gmt":"2025-06-10T13:31:31","guid":{"rendered":"https:\/\/rasper.vinteo.com.br\/?page_id=733"},"modified":"2025-07-04T18:51:38","modified_gmt":"2025-07-04T18:51:38","slug":"limpadores-internos-de-correia-transportadora","status":"publish","type":"page","link":"https:\/\/rasper.vinteo.com.br\/index.php\/limpadores-internos-de-correia-transportadora\/","title":{"rendered":"Limpadores Internos de Correia Transportadora"},"content":{"rendered":"\t\t<div data-elementor-type=\"wp-page\" data-elementor-id=\"733\" class=\"elementor elementor-733\" data-elementor-post-type=\"page\">\n\t\t\t\t<div class=\"elementor-element elementor-element-54048af0 e-flex e-con-boxed e-con e-parent\" data-id=\"54048af0\" data-element_type=\"container\" data-settings=\"{&quot;background_background&quot;:&quot;classic&quot;}\">\n\t\t\t\t\t<div class=\"e-con-inner\">\n\t\t\t\t<div class=\"elementor-element elementor-element-73026f04 elementor-widget elementor-widget-image\" data-id=\"73026f04\" data-element_type=\"widget\" data-widget_type=\"image.default\">\n\t\t\t\t<div class=\"elementor-widget-container\">\n\t\t\t\t\t\t\t\t\t\t\t\t\t\t\t<img decoding=\"async\" width=\"342\" height=\"106\" src=\"https:\/\/rasper.vinteo.com.br\/wp-content\/uploads\/2025\/06\/rasper-logo.webp\" class=\"attachment-large size-large wp-image-234\" alt=\"\" srcset=\"https:\/\/rasper.vinteo.com.br\/wp-content\/uploads\/2025\/06\/rasper-logo.webp 342w, https:\/\/rasper.vinteo.com.br\/wp-content\/uploads\/2025\/06\/rasper-logo-300x93.webp 300w\" sizes=\"(max-width: 342px) 100vw, 342px\" \/>\t\t\t\t\t\t\t\t\t\t\t\t\t\t\t<\/div>\n\t\t\t\t<\/div>\n\t\t\t\t\t<\/div>\n\t\t\t\t<\/div>\n\t\t<div class=\"elementor-element elementor-element-b8cd232 e-flex e-con-boxed e-con e-parent\" data-id=\"b8cd232\" data-element_type=\"container\">\n\t\t\t\t\t<div class=\"e-con-inner\">\n\t\t<div class=\"elementor-element elementor-element-2c433839 e-con-full e-flex e-con e-child\" data-id=\"2c433839\" data-element_type=\"container\">\n\t\t\t\t<div class=\"elementor-element elementor-element-9fead98 elementor-mobile-align-center elementor-widget elementor-widget-button\" data-id=\"9fead98\" data-element_type=\"widget\" data-widget_type=\"button.default\">\n\t\t\t\t<div class=\"elementor-widget-container\">\n\t\t\t\t\t\t\t\t\t<div class=\"elementor-button-wrapper\">\n\t\t\t\t\t<a class=\"elementor-button elementor-button-link elementor-size-sm\" href=\"#\">\n\t\t\t\t\t\t<span class=\"elementor-button-content-wrapper\">\n\t\t\t\t\t\t\t\t\t<span class=\"elementor-button-text\">Produtos<\/span>\n\t\t\t\t\t<\/span>\n\t\t\t\t\t<\/a>\n\t\t\t\t<\/div>\n\t\t\t\t\t\t\t\t<\/div>\n\t\t\t\t<\/div>\n\t\t\t\t<div class=\"elementor-element elementor-element-532d7948 elementor-widget elementor-widget-heading\" data-id=\"532d7948\" data-element_type=\"widget\" data-widget_type=\"heading.default\">\n\t\t\t\t<div class=\"elementor-widget-container\">\n\t\t\t\t\t<h2 class=\"elementor-heading-title elementor-size-default\">Limpadores Internos de Correia Transportadora\n<\/h2>\t\t\t\t<\/div>\n\t\t\t\t<\/div>\n\t\t\t\t<div class=\"elementor-element elementor-element-34d3907 elementor-widget elementor-widget-image\" data-id=\"34d3907\" data-element_type=\"widget\" data-widget_type=\"image.default\">\n\t\t\t\t<div class=\"elementor-widget-container\">\n\t\t\t\t\t\t\t\t\t\t\t\t\t\t\t<img fetchpriority=\"high\" decoding=\"async\" width=\"793\" height=\"559\" src=\"https:\/\/rasper.vinteo.com.br\/wp-content\/uploads\/2025\/06\/Limpador-Interno-em-V.webp\" class=\"attachment-large size-large wp-image-1219\" alt=\"\" srcset=\"https:\/\/rasper.vinteo.com.br\/wp-content\/uploads\/2025\/06\/Limpador-Interno-em-V.webp 793w, https:\/\/rasper.vinteo.com.br\/wp-content\/uploads\/2025\/06\/Limpador-Interno-em-V-300x211.webp 300w, https:\/\/rasper.vinteo.com.br\/wp-content\/uploads\/2025\/06\/Limpador-Interno-em-V-768x541.webp 768w\" sizes=\"(max-width: 793px) 100vw, 793px\" \/>\t\t\t\t\t\t\t\t\t\t\t\t\t\t\t<\/div>\n\t\t\t\t<\/div>\n\t\t\t\t<div class=\"elementor-element elementor-element-456c4284 elementor-widget elementor-widget-text-editor\" data-id=\"456c4284\" data-element_type=\"widget\" data-widget_type=\"text-editor.default\">\n\t\t\t\t<div class=\"elementor-widget-container\">\n\t\t\t\t\t\t\t\t\t<p class=\"para-text mt-0 mb-3\">Os\u00a0<strong>Limpadores Internos<\/strong>\u00a0s\u00e3o equipamentos importantes para garantir a limpeza, seguran\u00e7a e longevidade das correias transportadoras. Apesar disso, o uso de um sistema de limpeza de correia transportadora adequado ainda \u00e9 amplamente desprezado em toda a ind\u00fastria.<\/p>\t\t\t\t\t\t\t\t<\/div>\n\t\t\t\t<\/div>\n\t\t\t\t<div class=\"elementor-element elementor-element-1887844e elementor-widget elementor-widget-text-editor\" data-id=\"1887844e\" data-element_type=\"widget\" data-widget_type=\"text-editor.default\">\n\t\t\t\t<div class=\"elementor-widget-container\">\n\t\t\t\t\t\t\t\t\t<p>Em algumas opera\u00e7\u00f5es empregam equipamentos caseiros para\u00a0<strong>limpeza das correias transportadoras<\/strong>, onde normalmente s\u00e3o ineficazes, deixando o sistema vulner\u00e1vel a retorno de materiais que resultam em perda de produto, horas extras de trabalho, tempo de inatividade, maiores riscos de seguran\u00e7a e desgaste na correia transportadora e outros componentes do sistema.<\/p>\t\t\t\t\t\t\t\t<\/div>\n\t\t\t\t<\/div>\n\t\t\t\t<\/div>\n\t\t<div class=\"elementor-element elementor-element-200c5e59 e-con-full e-flex e-con e-child\" data-id=\"200c5e59\" data-element_type=\"container\">\n\t\t\t\t<div class=\"elementor-element elementor-element-64930237 elementor-button-align-start elementor-widget elementor-widget-form\" data-id=\"64930237\" data-element_type=\"widget\" data-settings=\"{&quot;step_next_label&quot;:&quot;Next&quot;,&quot;step_previous_label&quot;:&quot;Previous&quot;,&quot;button_width&quot;:&quot;100&quot;,&quot;step_type&quot;:&quot;number_text&quot;,&quot;step_icon_shape&quot;:&quot;circle&quot;}\" data-widget_type=\"form.default\">\n\t\t\t\t<div class=\"elementor-widget-container\">\n\t\t\t\t\t\t\t<form class=\"elementor-form\" method=\"post\" name=\"Limpadores de Correia\">\n\t\t\t<input type=\"hidden\" name=\"post_id\" value=\"733\"\/>\n\t\t\t<input type=\"hidden\" name=\"form_id\" value=\"64930237\"\/>\n\t\t\t<input type=\"hidden\" name=\"referer_title\" value=\"Limpadores Internos de Correia Transportadora\" \/>\n\n\t\t\t\t\t\t\t<input type=\"hidden\" name=\"queried_id\" value=\"733\"\/>\n\t\t\t\n\t\t\t<div class=\"elementor-form-fields-wrapper elementor-labels-above\">\n\t\t\t\t\t\t\t\t<div class=\"elementor-field-type-text elementor-field-group elementor-column elementor-field-group-name elementor-col-100\">\n\t\t\t\t\t\t\t\t\t\t\t\t\t<input size=\"1\" type=\"text\" name=\"form_fields[name]\" id=\"form-field-name\" class=\"elementor-field elementor-size-sm  elementor-field-textual\" placeholder=\"Nome da empresa\">\n\t\t\t\t\t\t\t\t\t\t\t<\/div>\n\t\t\t\t\t\t\t\t<div class=\"elementor-field-type-number elementor-field-group elementor-column elementor-field-group-field_92cef6c elementor-col-100\">\n\t\t\t\t\t\t\t\t<input type=\"number\" name=\"form_fields[field_92cef6c]\" id=\"form-field-field_92cef6c\" class=\"elementor-field elementor-size-sm  elementor-field-textual\" placeholder=\"Digite seu CNPJ\" min=\"\" max=\"\" >\n\t\t\t\t\t\t<\/div>\n\t\t\t\t\t\t\t\t<div class=\"elementor-field-type-tel elementor-field-group elementor-column elementor-field-group-email elementor-col-100 elementor-field-required\">\n\t\t\t\t\t\t\t<input size=\"1\" type=\"tel\" name=\"form_fields[email]\" id=\"form-field-email\" class=\"elementor-field elementor-size-sm  elementor-field-textual\" placeholder=\"WhatsApp\/Telefone\" required=\"required\" pattern=\"[0-9()#&amp;+*-=.]+\" title=\"Only numbers and phone characters (#, -, *, etc) are accepted.\">\n\n\t\t\t\t\t\t<\/div>\n\t\t\t\t\t\t\t\t<div class=\"elementor-field-type-select elementor-field-group elementor-column elementor-field-group-field_e8cab36 elementor-col-100 elementor-field-required\">\n\t\t\t\t\t\t\t<div class=\"elementor-field elementor-select-wrapper remove-before \">\n\t\t\t<div class=\"select-caret-down-wrapper\">\n\t\t\t\t<svg aria-hidden=\"true\" class=\"e-font-icon-svg e-eicon-caret-down\" viewBox=\"0 0 571.4 571.4\" xmlns=\"http:\/\/www.w3.org\/2000\/svg\"><path d=\"M571 393Q571 407 561 418L311 668Q300 679 286 679T261 668L11 418Q0 407 0 393T11 368 36 357H536Q550 357 561 368T571 393Z\"><\/path><\/svg>\t\t\t<\/div>\n\t\t\t<select name=\"form_fields[field_e8cab36]\" id=\"form-field-field_e8cab36\" class=\"elementor-field-textual elementor-size-sm\" required=\"required\">\n\t\t\t\t\t\t\t\t\t<option value=\"Escolha o tipo do produto:\">Escolha o tipo do produto:<\/option>\n\t\t\t\t\t\t\t\t\t<option value=\"Limpador Interno Diagonal\">Limpador Interno Diagonal<\/option>\n\t\t\t\t\t\t\t\t\t<option value=\"Limpador Interno em V\">Limpador Interno em V<\/option>\n\t\t\t\t\t\t\t<\/select>\n\t\t<\/div>\n\t\t\t\t\t\t<\/div>\n\t\t\t\t\t\t\t\t<div class=\"elementor-field-type-email elementor-field-group elementor-column elementor-field-group-field_111914b elementor-col-100 elementor-field-required\">\n\t\t\t\t\t\t\t\t\t\t\t\t\t<input size=\"1\" type=\"email\" name=\"form_fields[field_111914b]\" id=\"form-field-field_111914b\" class=\"elementor-field elementor-size-sm  elementor-field-textual\" placeholder=\"E-mail\" required=\"required\">\n\t\t\t\t\t\t\t\t\t\t\t<\/div>\n\t\t\t\t\t\t\t\t<div class=\"elementor-field-type-textarea elementor-field-group elementor-column elementor-field-group-message elementor-col-100\">\n\t\t\t\t\t<textarea class=\"elementor-field-textual elementor-field  elementor-size-sm\" name=\"form_fields[message]\" id=\"form-field-message\" rows=\"4\" placeholder=\"Digite aqui sua mensagem\"><\/textarea>\t\t\t\t<\/div>\n\t\t\t\t\t\t\t\t<div class=\"elementor-field-group elementor-column elementor-field-type-submit elementor-col-100 e-form__buttons\">\n\t\t\t\t\t<button class=\"elementor-button elementor-size-sm elementor-animation-grow\" type=\"submit\">\n\t\t\t\t\t\t<span class=\"elementor-button-content-wrapper\">\n\t\t\t\t\t\t\t\t\t\t\t\t\t\t\t<span class=\"elementor-button-icon\">\n\t\t\t\t\t\t\t\t\t<svg aria-hidden=\"true\" class=\"e-font-icon-svg e-fas-angle-right\" viewBox=\"0 0 256 512\" xmlns=\"http:\/\/www.w3.org\/2000\/svg\"><path d=\"M224.3 273l-136 136c-9.4 9.4-24.6 9.4-33.9 0l-22.6-22.6c-9.4-9.4-9.4-24.6 0-33.9l96.4-96.4-96.4-96.4c-9.4-9.4-9.4-24.6 0-33.9L54.3 103c9.4-9.4 24.6-9.4 33.9 0l136 136c9.5 9.4 9.5 24.6.1 34z\"><\/path><\/svg>\t\t\t\t\t\t\t\t\t\t\t\t\t\t\t\t\t<\/span>\n\t\t\t\t\t\t\t\t\t\t\t\t\t\t\t\t\t\t\t\t\t\t<span class=\"elementor-button-text\">Enviar Mensagem<\/span>\n\t\t\t\t\t\t\t\t\t\t\t\t\t<\/span>\n\t\t\t\t\t<\/button>\n\t\t\t\t<\/div>\n\t\t\t<\/div>\n\t\t<\/form>\n\t\t\t\t\t\t<\/div>\n\t\t\t\t<\/div>\n\t\t\t\t<\/div>\n\t\t\t\t\t<\/div>\n\t\t\t\t<\/div>\n\t\t<div class=\"elementor-element elementor-element-c04b229 e-flex e-con-boxed e-con e-parent\" data-id=\"c04b229\" data-element_type=\"container\">\n\t\t\t\t\t<div class=\"e-con-inner\">\n\t\t<div class=\"elementor-element elementor-element-ac87d91 e-con-full e-flex e-con e-child\" data-id=\"ac87d91\" data-element_type=\"container\">\n\t\t<div class=\"elementor-element elementor-element-b64165b e-con-full e-flex e-con e-child\" data-id=\"b64165b\" data-element_type=\"container\">\n\t\t\t\t<div class=\"elementor-element elementor-element-a660017 elementor-widget elementor-widget-image\" data-id=\"a660017\" data-element_type=\"widget\" data-widget_type=\"image.default\">\n\t\t\t\t<div class=\"elementor-widget-container\">\n\t\t\t\t\t\t\t\t\t\t\t\t\t\t\t<img decoding=\"async\" width=\"793\" height=\"559\" src=\"https:\/\/rasper.vinteo.com.br\/wp-content\/uploads\/2025\/06\/Limpador-de-correia-interno-diagonal.webp\" class=\"attachment-large size-large wp-image-1218\" alt=\"\" srcset=\"https:\/\/rasper.vinteo.com.br\/wp-content\/uploads\/2025\/06\/Limpador-de-correia-interno-diagonal.webp 793w, https:\/\/rasper.vinteo.com.br\/wp-content\/uploads\/2025\/06\/Limpador-de-correia-interno-diagonal-300x211.webp 300w, https:\/\/rasper.vinteo.com.br\/wp-content\/uploads\/2025\/06\/Limpador-de-correia-interno-diagonal-768x541.webp 768w\" sizes=\"(max-width: 793px) 100vw, 793px\" \/>\t\t\t\t\t\t\t\t\t\t\t\t\t\t\t<\/div>\n\t\t\t\t<\/div>\n\t\t\t\t<div class=\"elementor-element elementor-element-a04dc96 elementor-widget elementor-widget-heading\" data-id=\"a04dc96\" data-element_type=\"widget\" data-widget_type=\"heading.default\">\n\t\t\t\t<div class=\"elementor-widget-container\">\n\t\t\t\t\t<h2 class=\"elementor-heading-title elementor-size-default\">Limpador Interno Diagonal<\/h2>\t\t\t\t<\/div>\n\t\t\t\t<\/div>\n\t\t\t\t<div class=\"elementor-element elementor-element-6ebbeed elementor-mobile-align-center elementor-align-center elementor-widget elementor-widget-button\" data-id=\"6ebbeed\" data-element_type=\"widget\" data-widget_type=\"button.default\">\n\t\t\t\t<div class=\"elementor-widget-container\">\n\t\t\t\t\t\t\t\t\t<div class=\"elementor-button-wrapper\">\n\t\t\t\t\t<a class=\"elementor-button elementor-button-link elementor-size-sm\" href=\"https:\/\/rasper.vinteo.com.br\/index.php\/limpador-de-correia-interno-diagonal\/\" target=\"_blank\">\n\t\t\t\t\t\t<span class=\"elementor-button-content-wrapper\">\n\t\t\t\t\t\t\t\t\t<span class=\"elementor-button-text\">Detalhes+<\/span>\n\t\t\t\t\t<\/span>\n\t\t\t\t\t<\/a>\n\t\t\t\t<\/div>\n\t\t\t\t\t\t\t\t<\/div>\n\t\t\t\t<\/div>\n\t\t\t\t<\/div>\n\t\t<div class=\"elementor-element elementor-element-55dcc93 e-con-full e-flex e-con e-child\" data-id=\"55dcc93\" data-element_type=\"container\">\n\t\t\t\t<div class=\"elementor-element elementor-element-b2129f1 elementor-widget elementor-widget-image\" data-id=\"b2129f1\" data-element_type=\"widget\" data-widget_type=\"image.default\">\n\t\t\t\t<div class=\"elementor-widget-container\">\n\t\t\t\t\t\t\t\t\t\t\t\t\t\t\t<img fetchpriority=\"high\" decoding=\"async\" width=\"793\" height=\"559\" src=\"https:\/\/rasper.vinteo.com.br\/wp-content\/uploads\/2025\/06\/Limpador-Interno-em-V.webp\" class=\"attachment-large size-large wp-image-1219\" alt=\"\" srcset=\"https:\/\/rasper.vinteo.com.br\/wp-content\/uploads\/2025\/06\/Limpador-Interno-em-V.webp 793w, https:\/\/rasper.vinteo.com.br\/wp-content\/uploads\/2025\/06\/Limpador-Interno-em-V-300x211.webp 300w, https:\/\/rasper.vinteo.com.br\/wp-content\/uploads\/2025\/06\/Limpador-Interno-em-V-768x541.webp 768w\" sizes=\"(max-width: 793px) 100vw, 793px\" \/>\t\t\t\t\t\t\t\t\t\t\t\t\t\t\t<\/div>\n\t\t\t\t<\/div>\n\t\t\t\t<div class=\"elementor-element elementor-element-5e5ee17 elementor-widget elementor-widget-heading\" data-id=\"5e5ee17\" data-element_type=\"widget\" data-widget_type=\"heading.default\">\n\t\t\t\t<div class=\"elementor-widget-container\">\n\t\t\t\t\t<h2 class=\"elementor-heading-title elementor-size-default\">Limpador Interno em V<\/h2>\t\t\t\t<\/div>\n\t\t\t\t<\/div>\n\t\t\t\t<div class=\"elementor-element elementor-element-3fc021a elementor-mobile-align-center elementor-align-center elementor-widget elementor-widget-button\" data-id=\"3fc021a\" data-element_type=\"widget\" data-widget_type=\"button.default\">\n\t\t\t\t<div class=\"elementor-widget-container\">\n\t\t\t\t\t\t\t\t\t<div class=\"elementor-button-wrapper\">\n\t\t\t\t\t<a class=\"elementor-button elementor-button-link elementor-size-sm\" href=\"https:\/\/rasper.vinteo.com.br\/index.php\/limpador-interno-em-v\/\" target=\"_blank\">\n\t\t\t\t\t\t<span class=\"elementor-button-content-wrapper\">\n\t\t\t\t\t\t\t\t\t<span class=\"elementor-button-text\">Detalhes+<\/span>\n\t\t\t\t\t<\/span>\n\t\t\t\t\t<\/a>\n\t\t\t\t<\/div>\n\t\t\t\t\t\t\t\t<\/div>\n\t\t\t\t<\/div>\n\t\t\t\t<\/div>\n\t\t<div class=\"elementor-element elementor-element-5228dc6 e-con-full e-flex e-con e-child\" data-id=\"5228dc6\" data-element_type=\"container\">\n\t\t\t\t<\/div>\n\t\t\t\t<\/div>\n\t\t\t\t\t<\/div>\n\t\t\t\t<\/div>\n\t\t\t\t<\/div>\n\t\t","protected":false},"excerpt":{"rendered":"<p>Produtos Limpadores Internos de Correia Transportadora Os\u00a0Limpadores Internos\u00a0s\u00e3o equipamentos importantes para garantir a limpeza, seguran\u00e7a e longevidade das correias transportadoras. Apesar disso, o uso de um sistema de limpeza de correia transportadora adequado ainda \u00e9 amplamente desprezado em toda a ind\u00fastria. Em algumas opera\u00e7\u00f5es empregam equipamentos caseiros para\u00a0limpeza das correias transportadoras, onde normalmente s\u00e3o ineficazes, [&hellip;]<\/p>\n","protected":false},"author":1,"featured_media":0,"parent":0,"menu_order":0,"comment_status":"closed","ping_status":"closed","template":"elementor_header_footer","meta":{"footnotes":""},"class_list":["post-733","page","type-page","status-publish","hentry"],"_links":{"self":[{"href":"https:\/\/rasper.vinteo.com.br\/index.php\/wp-json\/wp\/v2\/pages\/733","targetHints":{"allow":["GET"]}}],"collection":[{"href":"https:\/\/rasper.vinteo.com.br\/index.php\/wp-json\/wp\/v2\/pages"}],"about":[{"href":"https:\/\/rasper.vinteo.com.br\/index.php\/wp-json\/wp\/v2\/types\/page"}],"author":[{"embeddable":true,"href":"https:\/\/rasper.vinteo.com.br\/index.php\/wp-json\/wp\/v2\/users\/1"}],"replies":[{"embeddable":true,"href":"https:\/\/rasper.vinteo.com.br\/index.php\/wp-json\/wp\/v2\/comments?post=733"}],"version-history":[{"count":25,"href":"https:\/\/rasper.vinteo.com.br\/index.php\/wp-json\/wp\/v2\/pages\/733\/revisions"}],"predecessor-version":[{"id":1720,"href":"https:\/\/rasper.vinteo.com.br\/index.php\/wp-json\/wp\/v2\/pages\/733\/revisions\/1720"}],"wp:attachment":[{"href":"https:\/\/rasper.vinteo.com.br\/index.php\/wp-json\/wp\/v2\/media?parent=733"}],"curies":[{"name":"wp","href":"https:\/\/api.w.org\/{rel}","templated":true}]}}