{"id":1513,"date":"2025-06-26T20:22:39","date_gmt":"2025-06-26T20:22:39","guid":{"rendered":"https:\/\/rasper.vinteo.com.br\/?page_id=1513"},"modified":"2025-07-02T14:27:42","modified_gmt":"2025-07-02T14:27:42","slug":"grampos-de-vedacao-lateral","status":"publish","type":"page","link":"https:\/\/rasper.vinteo.com.br\/index.php\/grampos-de-vedacao-lateral\/","title":{"rendered":"Grampos de Veda\u00e7\u00e3o Lateral"},"content":{"rendered":"\t\t<div data-elementor-type=\"wp-page\" data-elementor-id=\"1513\" class=\"elementor elementor-1513\" data-elementor-post-type=\"page\">\n\t\t\t\t<div class=\"elementor-element elementor-element-3be4d15e e-flex e-con-boxed e-con e-parent\" data-id=\"3be4d15e\" data-element_type=\"container\" data-settings=\"{&quot;background_background&quot;:&quot;classic&quot;}\">\n\t\t\t\t\t<div class=\"e-con-inner\">\n\t\t\t\t<div class=\"elementor-element elementor-element-56a86616 elementor-widget elementor-widget-image\" data-id=\"56a86616\" data-element_type=\"widget\" data-widget_type=\"image.default\">\n\t\t\t\t<div class=\"elementor-widget-container\">\n\t\t\t\t\t\t\t\t\t\t\t\t\t\t\t<img decoding=\"async\" width=\"342\" height=\"106\" src=\"https:\/\/rasper.vinteo.com.br\/wp-content\/uploads\/2025\/06\/rasper-logo.webp\" class=\"attachment-large size-large wp-image-234\" alt=\"\" srcset=\"https:\/\/rasper.vinteo.com.br\/wp-content\/uploads\/2025\/06\/rasper-logo.webp 342w, https:\/\/rasper.vinteo.com.br\/wp-content\/uploads\/2025\/06\/rasper-logo-300x93.webp 300w\" sizes=\"(max-width: 342px) 100vw, 342px\" \/>\t\t\t\t\t\t\t\t\t\t\t\t\t\t\t<\/div>\n\t\t\t\t<\/div>\n\t\t\t\t\t<\/div>\n\t\t\t\t<\/div>\n\t\t<div class=\"elementor-element elementor-element-359967f e-flex e-con-boxed e-con e-parent\" data-id=\"359967f\" data-element_type=\"container\">\n\t\t\t\t\t<div class=\"e-con-inner\">\n\t\t<div class=\"elementor-element elementor-element-be2e14d e-con-full e-flex e-con e-child\" data-id=\"be2e14d\" data-element_type=\"container\">\n\t\t\t\t<div class=\"elementor-element elementor-element-68888ed3 elementor-mobile-align-center elementor-widget elementor-widget-button\" data-id=\"68888ed3\" data-element_type=\"widget\" data-widget_type=\"button.default\">\n\t\t\t\t<div class=\"elementor-widget-container\">\n\t\t\t\t\t\t\t\t\t<div class=\"elementor-button-wrapper\">\n\t\t\t\t\t<a class=\"elementor-button elementor-button-link elementor-size-sm\" href=\"#\">\n\t\t\t\t\t\t<span class=\"elementor-button-content-wrapper\">\n\t\t\t\t\t\t\t\t\t<span class=\"elementor-button-text\">Produtos<\/span>\n\t\t\t\t\t<\/span>\n\t\t\t\t\t<\/a>\n\t\t\t\t<\/div>\n\t\t\t\t\t\t\t\t<\/div>\n\t\t\t\t<\/div>\n\t\t\t\t<div class=\"elementor-element elementor-element-2071fae4 elementor-widget elementor-widget-heading\" data-id=\"2071fae4\" data-element_type=\"widget\" data-widget_type=\"heading.default\">\n\t\t\t\t<div class=\"elementor-widget-container\">\n\t\t\t\t\t<h2 class=\"elementor-heading-title elementor-size-default\">Grampos de Veda\u00e7\u00e3o Lateral<\/h2>\t\t\t\t<\/div>\n\t\t\t\t<\/div>\n\t\t\t\t<div class=\"elementor-element elementor-element-33a9ec39 elementor-widget elementor-widget-text-editor\" data-id=\"33a9ec39\" data-element_type=\"widget\" data-widget_type=\"text-editor.default\">\n\t\t\t\t<div class=\"elementor-widget-container\">\n\t\t\t\t\t\t\t\t\t<p class=\"para-text mt-0 mb-3\">Os\u00a0<strong>Grampos Para Veda\u00e7\u00e3o Lateral<\/strong>\u00a0s\u00e3o sistemas de fixa\u00e7\u00e3o para veda\u00e7\u00e3o lateral que proporcionam ajuste e substitui\u00e7\u00e3o da guia sem a necessidade de ferramentas, com redu\u00e7\u00e3o de tempo e m\u00e3o-de-obra.<\/p><p class=\"para-text mt-0 mb-3\">Os\u00a0<strong>Grampos Para Veda\u00e7\u00e3o Lateral<\/strong>\u00a0garantem a veda\u00e7\u00e3o em toda a extens\u00e3o instalada, impedindo a fuga do material na regi\u00e3o de carga.<\/p><p class=\"para-text mt-0 mb-3\">Podem ser aplicados nos mais diversos tipos de ind\u00fastrias: Minera\u00e7\u00e3o, Siderurgia, Cimento, Fundi\u00e7\u00e3o, Portos, Fertilizantes, Papel e Celulose, Usinas de A\u00e7\u00facar, etc.<\/p>\t\t\t\t\t\t\t\t<\/div>\n\t\t\t\t<\/div>\n\t\t\t\t<div class=\"elementor-element elementor-element-4af93950 elementor-widget elementor-widget-text-editor\" data-id=\"4af93950\" data-element_type=\"widget\" data-widget_type=\"text-editor.default\">\n\t\t\t\t<div class=\"elementor-widget-container\">\n\t\t\t\t\t\t\t\t\t<p class=\"para-text mt-0 mb-3\"><strong>Vantagens:<\/strong><\/p><ul class=\"para-text mt-0 mb-3\"><li>Troca r\u00e1pida da veda\u00e7\u00e3o<\/li><li>Permite o ajuste r\u00e1pido ap\u00f3s desgaste<\/li><li>Sistema antitravamento<\/li><li>Constru\u00e7\u00e3o robusta<\/li><\/ul>\t\t\t\t\t\t\t\t<\/div>\n\t\t\t\t<\/div>\n\t\t\t\t<\/div>\n\t\t<div class=\"elementor-element elementor-element-45b5a2f e-con-full e-flex e-con e-child\" data-id=\"45b5a2f\" data-element_type=\"container\">\n\t\t\t\t<div class=\"elementor-element elementor-element-5df9377c elementor-button-align-start elementor-widget elementor-widget-form\" data-id=\"5df9377c\" data-element_type=\"widget\" data-settings=\"{&quot;step_next_label&quot;:&quot;Next&quot;,&quot;step_previous_label&quot;:&quot;Previous&quot;,&quot;button_width&quot;:&quot;100&quot;,&quot;step_type&quot;:&quot;number_text&quot;,&quot;step_icon_shape&quot;:&quot;circle&quot;}\" data-widget_type=\"form.default\">\n\t\t\t\t<div class=\"elementor-widget-container\">\n\t\t\t\t\t\t\t<form class=\"elementor-form\" method=\"post\" name=\"Grampos de Veda\u00e7\u00e3o Lateral\">\n\t\t\t<input type=\"hidden\" name=\"post_id\" value=\"1513\"\/>\n\t\t\t<input type=\"hidden\" name=\"form_id\" value=\"5df9377c\"\/>\n\t\t\t<input type=\"hidden\" name=\"referer_title\" value=\"Grampos de Veda\u00e7\u00e3o Lateral\" \/>\n\n\t\t\t\t\t\t\t<input type=\"hidden\" name=\"queried_id\" value=\"1513\"\/>\n\t\t\t\n\t\t\t<div class=\"elementor-form-fields-wrapper elementor-labels-above\">\n\t\t\t\t\t\t\t\t<div class=\"elementor-field-type-text elementor-field-group elementor-column elementor-field-group-name elementor-col-100\">\n\t\t\t\t\t\t\t\t\t\t\t\t\t<input size=\"1\" type=\"text\" name=\"form_fields[name]\" id=\"form-field-name\" class=\"elementor-field elementor-size-sm  elementor-field-textual\" placeholder=\"Nome da empresa\">\n\t\t\t\t\t\t\t\t\t\t\t<\/div>\n\t\t\t\t\t\t\t\t<div class=\"elementor-field-type-number elementor-field-group elementor-column elementor-field-group-field_92cef6c elementor-col-100\">\n\t\t\t\t\t\t\t\t<input type=\"number\" name=\"form_fields[field_92cef6c]\" id=\"form-field-field_92cef6c\" class=\"elementor-field elementor-size-sm  elementor-field-textual\" placeholder=\"Digite seu CNPJ\" min=\"\" max=\"\" >\n\t\t\t\t\t\t<\/div>\n\t\t\t\t\t\t\t\t<div class=\"elementor-field-type-tel elementor-field-group elementor-column elementor-field-group-email elementor-col-100 elementor-field-required\">\n\t\t\t\t\t\t\t<input size=\"1\" type=\"tel\" name=\"form_fields[email]\" id=\"form-field-email\" class=\"elementor-field elementor-size-sm  elementor-field-textual\" placeholder=\"WhatsApp\/Telefone\" required=\"required\" pattern=\"[0-9()#&amp;+*-=.]+\" title=\"Only numbers and phone characters (#, -, *, etc) are accepted.\">\n\n\t\t\t\t\t\t<\/div>\n\t\t\t\t\t\t\t\t<div class=\"elementor-field-type-email elementor-field-group elementor-column elementor-field-group-field_111914b elementor-col-100 elementor-field-required\">\n\t\t\t\t\t\t\t\t\t\t\t\t\t<input size=\"1\" type=\"email\" name=\"form_fields[field_111914b]\" id=\"form-field-field_111914b\" class=\"elementor-field elementor-size-sm  elementor-field-textual\" placeholder=\"E-mail\" required=\"required\">\n\t\t\t\t\t\t\t\t\t\t\t<\/div>\n\t\t\t\t\t\t\t\t<div class=\"elementor-field-type-textarea elementor-field-group elementor-column elementor-field-group-message elementor-col-100\">\n\t\t\t\t\t<textarea class=\"elementor-field-textual elementor-field  elementor-size-sm\" name=\"form_fields[message]\" id=\"form-field-message\" rows=\"4\" placeholder=\"Digite aqui sua mensagem\"><\/textarea>\t\t\t\t<\/div>\n\t\t\t\t\t\t\t\t<div class=\"elementor-field-group elementor-column elementor-field-type-submit elementor-col-100 e-form__buttons\">\n\t\t\t\t\t<button class=\"elementor-button elementor-size-sm elementor-animation-grow\" type=\"submit\">\n\t\t\t\t\t\t<span class=\"elementor-button-content-wrapper\">\n\t\t\t\t\t\t\t\t\t\t\t\t\t\t\t<span class=\"elementor-button-icon\">\n\t\t\t\t\t\t\t\t\t<svg aria-hidden=\"true\" class=\"e-font-icon-svg e-fas-angle-right\" viewBox=\"0 0 256 512\" xmlns=\"http:\/\/www.w3.org\/2000\/svg\"><path d=\"M224.3 273l-136 136c-9.4 9.4-24.6 9.4-33.9 0l-22.6-22.6c-9.4-9.4-9.4-24.6 0-33.9l96.4-96.4-96.4-96.4c-9.4-9.4-9.4-24.6 0-33.9L54.3 103c9.4-9.4 24.6-9.4 33.9 0l136 136c9.5 9.4 9.5 24.6.1 34z\"><\/path><\/svg>\t\t\t\t\t\t\t\t\t\t\t\t\t\t\t\t\t<\/span>\n\t\t\t\t\t\t\t\t\t\t\t\t\t\t\t\t\t\t\t\t\t\t<span class=\"elementor-button-text\">Enviar Mensagem<\/span>\n\t\t\t\t\t\t\t\t\t\t\t\t\t<\/span>\n\t\t\t\t\t<\/button>\n\t\t\t\t<\/div>\n\t\t\t<\/div>\n\t\t<\/form>\n\t\t\t\t\t\t<\/div>\n\t\t\t\t<\/div>\n\t\t\t\t<\/div>\n\t\t\t\t\t<\/div>\n\t\t\t\t<\/div>\n\t\t\t\t<\/div>\n\t\t","protected":false},"excerpt":{"rendered":"<p>Produtos Grampos de Veda\u00e7\u00e3o Lateral Os\u00a0Grampos Para Veda\u00e7\u00e3o Lateral\u00a0s\u00e3o sistemas de fixa\u00e7\u00e3o para veda\u00e7\u00e3o lateral que proporcionam ajuste e substitui\u00e7\u00e3o da guia sem a necessidade de ferramentas, com redu\u00e7\u00e3o de tempo e m\u00e3o-de-obra. Os\u00a0Grampos Para Veda\u00e7\u00e3o Lateral\u00a0garantem a veda\u00e7\u00e3o em toda a extens\u00e3o instalada, impedindo a fuga do material na regi\u00e3o de carga. Podem ser [&hellip;]<\/p>\n","protected":false},"author":1,"featured_media":0,"parent":0,"menu_order":0,"comment_status":"closed","ping_status":"closed","template":"elementor_header_footer","meta":{"footnotes":""},"class_list":["post-1513","page","type-page","status-publish","hentry"],"_links":{"self":[{"href":"https:\/\/rasper.vinteo.com.br\/index.php\/wp-json\/wp\/v2\/pages\/1513","targetHints":{"allow":["GET"]}}],"collection":[{"href":"https:\/\/rasper.vinteo.com.br\/index.php\/wp-json\/wp\/v2\/pages"}],"about":[{"href":"https:\/\/rasper.vinteo.com.br\/index.php\/wp-json\/wp\/v2\/types\/page"}],"author":[{"embeddable":true,"href":"https:\/\/rasper.vinteo.com.br\/index.php\/wp-json\/wp\/v2\/users\/1"}],"replies":[{"embeddable":true,"href":"https:\/\/rasper.vinteo.com.br\/index.php\/wp-json\/wp\/v2\/comments?post=1513"}],"version-history":[{"count":13,"href":"https:\/\/rasper.vinteo.com.br\/index.php\/wp-json\/wp\/v2\/pages\/1513\/revisions"}],"predecessor-version":[{"id":1661,"href":"https:\/\/rasper.vinteo.com.br\/index.php\/wp-json\/wp\/v2\/pages\/1513\/revisions\/1661"}],"wp:attachment":[{"href":"https:\/\/rasper.vinteo.com.br\/index.php\/wp-json\/wp\/v2\/media?parent=1513"}],"curies":[{"name":"wp","href":"https:\/\/api.w.org\/{rel}","templated":true}]}}